{"id":426,"date":"2026-03-12T12:19:34","date_gmt":"2026-03-12T12:19:34","guid":{"rendered":"https:\/\/www.joshmar.org\/?page_id=426"},"modified":"2026-03-12T12:19:34","modified_gmt":"2026-03-12T12:19:34","slug":"about-josh-mar","status":"publish","type":"page","link":"https:\/\/www.joshmar.org\/?page_id=426","title":{"rendered":"About Josh Mar"},"content":{"rendered":"<p>[et_pb_section fb_built=&#8221;1&#8243; theme_builder_area=&#8221;post_content&#8221; _builder_version=&#8221;4.27.6&#8243; _module_preset=&#8221;default&#8221; background_color=&#8221;#003863&#8243; hover_enabled=&#8221;0&#8243; sticky_enabled=&#8221;0&#8243;][et_pb_row _builder_version=&#8221;4.27.6&#8243; _module_preset=&#8221;default&#8221; column_structure=&#8221;2_5,3_5&#8243; theme_builder_area=&#8221;post_content&#8221;][et_pb_column _builder_version=&#8221;4.27.6&#8243; _module_preset=&#8221;default&#8221; type=&#8221;2_5&#8243; theme_builder_area=&#8221;post_content&#8221;][et_pb_image src=&#8221;https:\/\/www.joshmar.org\/wp-content\/uploads\/2026\/01\/003.jpg&#8221; _builder_version=&#8221;4.27.6&#8243; _module_preset=&#8221;default&#8221; theme_builder_area=&#8221;post_content&#8221; title_text=&#8221;003&#8243; hover_enabled=&#8221;0&#8243; sticky_enabled=&#8221;0&#8243; width=&#8221;108%&#8221; max_width=&#8221;100%&#8221; custom_margin=&#8221;30px|30px|30px|30px|true|true&#8221;][\/et_pb_image][\/et_pb_column][et_pb_column _builder_version=&#8221;4.27.6&#8243; _module_preset=&#8221;default&#8221; type=&#8221;3_5&#8243; theme_builder_area=&#8221;post_content&#8221;][et_pb_text _builder_version=&#8221;4.27.6&#8243; _module_preset=&#8221;default&#8221; theme_builder_area=&#8221;post_content&#8221; hover_enabled=&#8221;0&#8243; sticky_enabled=&#8221;0&#8243;]<\/p>\n<h3 data-path-to-node=\"13\"><span style=\"color: #ffffff;\"><b data-path-to-node=\"13\" data-index-in-node=\"0\">Professional Journey &amp; Expertise<\/b><\/span><\/h3>\n<p data-path-to-node=\"14\"><span style=\"color: #ffffff;\"><b data-path-to-node=\"14\" data-index-in-node=\"0\">Key Milestones:<\/b><\/span><\/p>\n<ul data-path-to-node=\"15\">\n<li>\n<p data-path-to-node=\"15,0,0\"><span style=\"color: #ffffff;\"><b data-path-to-node=\"15,0,0\" data-index-in-node=\"0\">30+ Years of Experience:<\/b> Active since 1992, performing at leading cultural venues and large-scale events (1500+ capacity).<\/span><\/p>\n<\/li>\n<li>\n<p data-path-to-node=\"15,1,0\"><span style=\"color: #ffffff;\"><b data-path-to-node=\"15,1,0\" data-index-in-node=\"0\">Radio Presence:<\/b> Veteran host and technician (Radio 100, Radio 5, DJ WORLD), specializing in Melodic Techno and Progressive House.<\/span><\/p>\n<\/li>\n<li>\n<p data-path-to-node=\"15,2,0\"><span style=\"color: #ffffff;\"><b data-path-to-node=\"15,2,0\" data-index-in-node=\"0\">Club Management:<\/b> Former General Manager of <i data-path-to-node=\"15,2,0\" data-index-in-node=\"43\">WooDoo Dance Club<\/i>, blending business acumen with musical direction.<\/span><\/p>\n<\/li>\n<li>\n<p data-path-to-node=\"15,3,0\"><span style=\"color: #ffffff;\"><b data-path-to-node=\"15,3,0\" data-index-in-node=\"0\">Education:<\/b> Formally qualified with a <i data-path-to-node=\"15,3,0\" data-index-in-node=\"37\">State National Entertainment Music Center<\/i> degree and a <i data-path-to-node=\"15,3,0\" data-index-in-node=\"92\">High-Level DJ Diploma<\/i> from the European Light and Sound Academy.<\/span><\/p>\n<\/li>\n<\/ul>\n<p data-path-to-node=\"16\"><span style=\"color: #ffffff;\"><b data-path-to-node=\"16\" data-index-in-node=\"0\">Sonic Signature:<\/b><\/span><\/p>\n<ul data-path-to-node=\"17\">\n<li>\n<p data-path-to-node=\"17,0,0\"><span style=\"color: #ffffff;\"><b data-path-to-node=\"17,0,0\" data-index-in-node=\"0\">Genres:<\/b> Techno, House, Progressive House, Melodic Techno.<\/span><\/p>\n<\/li>\n<li>\n<p data-path-to-node=\"17,1,0\"><span style=\"color: #ffffff;\"><b data-path-to-node=\"17,1,0\" data-index-in-node=\"0\">Releases:<\/b> Original tracks available on Amazon and major platforms, including <i data-path-to-node=\"17,1,0\" data-index-in-node=\"77\">\u201cAcid Time\u201d<\/i>, <i data-path-to-node=\"17,1,0\" data-index-in-node=\"90\">\u201cTrip In The House\u201d<\/i>, and <i data-path-to-node=\"17,1,0\" data-index-in-node=\"115\">\u201cDream Machine\u201d<\/i>.<\/span><\/p>\n<\/li>\n<\/ul>\n<p data-path-to-node=\"18\"><span style=\"color: #ffffff;\"><b data-path-to-node=\"18\" data-index-in-node=\"0\">Technical Excellence:<\/b><\/span><\/p>\n<ul data-path-to-node=\"19\">\n<li>\n<p data-path-to-node=\"19,0,0\"><span style=\"color: #ffffff;\">Expert sound system setup and professional acoustics management.<\/span><\/p>\n<\/li>\n<li>\n<p data-path-to-node=\"19,1,0\"><span style=\"color: #ffffff;\">Strong focus on hearing protection and crystal-clear audio delivery.<\/span><\/p>\n<\/li>\n<li>\n<p data-path-to-node=\"19,2,0\"><span style=\"color: #ffffff;\">High-level mixing skills across multiple genres, including R&amp;B and Pop-Rock.<\/span><\/p>\n<\/li>\n<\/ul>\n<p>[\/et_pb_text][\/et_pb_column][\/et_pb_row][et_pb_row _builder_version=&#8221;4.27.6&#8243; _module_preset=&#8221;default&#8221; theme_builder_area=&#8221;post_content&#8221;][et_pb_column _builder_version=&#8221;4.27.6&#8243; _module_preset=&#8221;default&#8221; type=&#8221;4_4&#8243; theme_builder_area=&#8221;post_content&#8221;][et_pb_divider _builder_version=&#8221;4.27.6&#8243; _module_preset=&#8221;default&#8221; theme_builder_area=&#8221;post_content&#8221; background_color=&#8221;#B7B7B7&#8243; hover_enabled=&#8221;0&#8243; sticky_enabled=&#8221;0&#8243;][\/et_pb_divider][\/et_pb_column][\/et_pb_row][et_pb_row _builder_version=&#8221;4.27.6&#8243; _module_preset=&#8221;default&#8221; column_structure=&#8221;3_5,2_5&#8243; theme_builder_area=&#8221;post_content&#8221;][et_pb_column _builder_version=&#8221;4.27.6&#8243; _module_preset=&#8221;default&#8221; type=&#8221;3_5&#8243; theme_builder_area=&#8221;post_content&#8221;][et_pb_text _builder_version=&#8221;4.27.6&#8243; _module_preset=&#8221;default&#8221; theme_builder_area=&#8221;post_content&#8221; hover_enabled=&#8221;0&#8243; sticky_enabled=&#8221;0&#8243;]<\/p>\n<p class=\"western\" align=\"left\" style=\"text-align: center;\"><span style=\"color: #ffffff;\"><b>Professional Experience<\/b><\/span><\/p>\n<p class=\"western\" align=\"left\" style=\"text-align: center;\"><span style=\"color: #ffffff;\">1993<\/span><br \/><span style=\"color: #ffffff;\">Resident DJ DJ Club Seagull Sz\u00e1zhalombatta \/ Disco<\/span><\/p>\n<p class=\"western\" align=\"left\" style=\"text-align: center;\"><span style=\"color: #ffffff;\">1993 to 1996<\/span><br \/><span style=\"color: #ffffff;\">Guest DJ at the B\u00e1bolna Pub and Kis\u00faj Pub Ecsegfalva Eurodance \/ Disco<\/span><\/p>\n<p class=\"western\" align=\"left\" style=\"text-align: center;\"><span style=\"color: #ffffff;\">1993 to 1994<\/span><br \/><span style=\"color: #ffffff;\">Resident DJ at the Youth Club Cultural Center Sz\u00e1zhalombatta \/ Hardcore Techno Techno<\/span><\/p>\n<p class=\"western\" align=\"left\" style=\"text-align: center;\"><span style=\"color: #ffffff;\">1994 to 1995<\/span><br \/><span style=\"color: #ffffff;\">Resident DJ at the Cactus Club Sz\u00e1zhalombatta \/ Disco<\/span><\/p>\n<p class=\"western\" align=\"left\" style=\"text-align: center;\"><span style=\"color: #ffffff;\">1994<\/span><br \/><span style=\"color: #ffffff;\">Resident DJ at the Club Rose Garden Kis\u00fajsz\u00e1ll\u00e1s Disco Eurodance<\/span><\/p>\n<p class=\"western\" align=\"left\" style=\"text-align: center;\"><span style=\"color: #ffffff;\">1998<\/span><br \/><span style=\"color: #ffffff;\">Resident DJ at the Simon\u2019s Club Budapest House Club<\/span><\/p>\n<p class=\"western\" align=\"left\" style=\"text-align: center;\"><span style=\"color: #ffffff;\">1999<\/span><br \/><span style=\"color: #ffffff;\">Resident DJ at the Club Game Over Sz\u00e1zhalombatta House Club<\/span><\/p>\n<p class=\"western\" align=\"left\" style=\"text-align: center;\"><span style=\"color: #ffffff;\">1999 to 2002<\/span><br \/><span style=\"color: #ffffff;\">Resident DJ and General Manager at the WooDoo Dance Club Sz\u00e1zhalombatta<\/span><br \/><span style=\"color: #ffffff;\">Styles House Club Progressive House Techno Pop Rock<\/span><\/p>\n<p class=\"western\" align=\"left\" style=\"text-align: center;\"><span style=\"color: #ffffff;\">2004<\/span><br \/><span style=\"color: #ffffff;\">Guest DJ at the Sz\u00e1zhalombatta Youth Club House<\/span><\/p>\n<p class=\"western\" align=\"left\" style=\"text-align: center;\"><span style=\"color: #ffffff;\">2004<\/span><br \/><span style=\"color: #ffffff;\">Morning radio host editor and technician at the Radio 100 Sz\u00e1zhalombatta Pop<\/span><\/p>\n<p class=\"western\" align=\"left\" style=\"text-align: center;\"><span style=\"color: #ffffff;\">2007 to 2008<\/span><br \/><span style=\"color: #ffffff;\">Resident DJ at the Club Orange Sz\u00e1zhalombatta House Club<\/span><\/p>\n<p class=\"western\" align=\"left\" style=\"text-align: center;\"><span style=\"color: #ffffff;\">2008<\/span><br \/><span style=\"color: #ffffff;\">Resident DJ at the Club Fortuna P\u00e9tf\u00fcrd\u0151 House Club<\/span><\/p>\n<p class=\"western\" align=\"left\" style=\"text-align: center;\"><span style=\"color: #ffffff;\">2009 to 2012<\/span><br \/><span style=\"color: #ffffff;\">Resident DJ and Event Manager at the C\u00f6xp\u00f3n Cultural Music Club Budapest<\/span><br \/><span style=\"color: #ffffff;\">Styles Techno Psytrance Goa Ambient Psychill<\/span><\/p>\n<p class=\"western\" align=\"left\" style=\"text-align: center;\"><span style=\"color: #ffffff;\"><b>Selected Events<\/b><\/span><\/p>\n<p class=\"western\" align=\"left\" style=\"text-align: center;\"><span style=\"color: #ffffff;\">Beaches Night Sz\u00e1zhalombatta<\/span><br \/><span style=\"color: #ffffff;\">20 June 2012 over 1500 paying guests<\/span><br \/><span style=\"color: #ffffff;\">10 August 2012 over 1500 paying guests<\/span><br \/><span style=\"color: #ffffff;\">Styles House Club<\/span><\/p>\n<p class=\"western\" align=\"left\" style=\"text-align: center;\"><span style=\"color: #ffffff;\"><b>Radio Experience<\/b><\/span><\/p>\n<p class=\"western\" align=\"left\" style=\"text-align: center;\"><span style=\"color: #ffffff;\">2015<\/span><br \/><span style=\"color: #ffffff;\">Radio DJ and host at the Radio 5 online radio<\/span><\/p>\n<p class=\"western\" align=\"left\" style=\"text-align: center;\"><span style=\"color: #ffffff;\">2017 to 2021<\/span><br \/><span style=\"color: #ffffff;\">Radio DJ and host at the DJ WORLD online radio<\/span><br \/><span style=\"color: #ffffff;\">Styles House Club Progressive House Techno Melodic Techno<\/span><\/p>\n<p class=\"western\" align=\"left\" style=\"text-align: center;\"><span style=\"color: #ffffff;\"><b>Education and Training<\/b><\/span><\/p>\n<p class=\"western\" align=\"left\" style=\"text-align: center;\"><span style=\"color: #ffffff;\">1997<\/span><br \/><span style=\"color: #ffffff;\">State National Entertainment Music Center DJ vocational qualification Budapest<\/span><\/p>\n<p class=\"western\" align=\"left\" style=\"text-align: center;\"><span style=\"color: #ffffff;\">2009<\/span><br \/><span style=\"color: #ffffff;\">European Light and Sound Academy High Level DJ diploma Budapest<\/span><\/p>\n<p class=\"western\" align=\"left\" style=\"text-align: center;\"><span style=\"color: #ffffff;\"><b>Music Releases<\/b><\/span><br \/><span style=\"color: #ffffff;\">Original tracks released and available on major online music stores including Amazon<\/span><\/p>\n<p class=\"western\" align=\"left\" style=\"text-align: center;\"><span style=\"color: #ffffff;\">Acid Time<\/span><br \/><span style=\"color: #ffffff;\">Intensive<\/span><br \/><span style=\"color: #ffffff;\">Relax<\/span><br \/><span style=\"color: #ffffff;\">Shocking<\/span><br \/><span style=\"color: #ffffff;\">Dream Machine<\/span><br \/><span style=\"color: #ffffff;\">Acid Movie<\/span><br \/><span style=\"color: #ffffff;\">Trip In The House<\/span><\/p>\n<p class=\"western\" align=\"left\" style=\"text-align: center;\"><span style=\"color: #ffffff;\"><b>Key Skills and Expertise<\/b><\/span><br \/><span style=\"color: #ffffff;\">Techno House Progressive House Melodic Techno<\/span><br \/><span style=\"color: #ffffff;\">High level mixing across multiple genres including RnB<\/span><br \/><span style=\"color: #ffffff;\">Professional sound system handling and setup<\/span><br \/><span style=\"color: #ffffff;\">Safe volume management and hearing protection focused approach<\/span><br \/><span style=\"color: #ffffff;\">Strong crowd interaction and audience engagement<\/span><br \/><span style=\"color: #ffffff;\">Distinctive and well structured DJ sets<\/span><\/p>\n<p class=\"western\" align=\"left\" style=\"text-align: center;\"><span style=\"color: #ffffff;\"><b>Professional Approach<\/b><\/span><br \/><span style=\"color: #ffffff;\">My work is based on responsible and high quality entertainment. I place strong emphasis on sound clarity, correct technical settings and audience hearing protection. I build quick and positive connections with the crowd, resulting in memorable events and repeat bookings. My goal is to establish myself within the London music scene and present my unique mixing style and long standing professional experience to UK audiences.<\/span><\/p>\n<p>[\/et_pb_text][\/et_pb_column][et_pb_column _builder_version=&#8221;4.27.6&#8243; _module_preset=&#8221;default&#8221; type=&#8221;2_5&#8243; theme_builder_area=&#8221;post_content&#8221;][et_pb_text _builder_version=&#8221;4.27.6&#8243; _module_preset=&#8221;default&#8221; theme_builder_area=&#8221;post_content&#8221; hover_enabled=&#8221;0&#8243; sticky_enabled=&#8221;0&#8243;]<\/p>\n<h3 style=\"text-align: center;\"><span style=\"color: #ffffff;\">Music tracks produced for DJs to enhance their mixes, which can also be purchased from the Amazon webstore:<\/span><\/h3>\n<h3 style=\"text-align: center;\"><span style=\"color: #ffffff;\"><\/span><\/h3>\n<h3 class=\"null\" title=\"Trip in the House\" style=\"text-align: center;\" tabindex=\"-1\"><span style=\"color: #ffcc00;\"><\/span><\/h3>\n<h1 class=\"null\" title=\"Trip in the House\" style=\"text-align: center;\" tabindex=\"-1\"><a href=\"https:\/\/www.amazon.com\/music\/player\/albums\/B078NDCCXK\"><span style=\"color: #ffcc00;\">Trip in the House<\/span><\/a><\/h1>\n<h1 class=\"null\" title=\"Acid Movie\" style=\"text-align: center;\" tabindex=\"-1\"><span style=\"color: #ffcc00;\"><\/span><\/h1>\n<p><span style=\"color: #ffcc00;\"><\/span><\/p>\n<h1 class=\"null\" title=\"Acid Movie\" style=\"text-align: center;\" tabindex=\"-1\"><a href=\"https:\/\/www.amazon.com\/music\/player\/albums\/B078VT4ZDS\"><span style=\"color: #ffcc00;\">Acid Movie<\/span><\/a><\/h1>\n<p><span style=\"color: #ffcc00;\"><\/span><\/p>\n<h1 class=\"null\" title=\"Dream Machine\" style=\"text-align: center;\" tabindex=\"-1\"><span style=\"color: #ffcc00;\"><\/span><\/h1>\n<h1 class=\"null\" title=\"Dream Machine\" style=\"text-align: center;\" tabindex=\"-1\"><a href=\"https:\/\/www.amazon.com\/music\/player\/albums\/B07DCYPVYH\"><span style=\"color: #ffcc00;\">Dream Machine<\/span><\/a><\/h1>\n<p><span style=\"color: #ffcc00;\"><\/span><\/p>\n<p><span style=\"color: #ffcc00;\"><\/span><\/p>\n<h1 class=\"null\" title=\"Shocking\" style=\"text-align: center;\" tabindex=\"-1\"><a href=\"https:\/\/www.amazon.com\/music\/player\/albums\/B07DPL6MBK\"><span style=\"color: #ffcc00;\">Shocking<\/span><\/a><\/h1>\n<p><span style=\"color: #ffcc00;\"><\/span><\/p>\n<p><span style=\"color: #ffcc00;\"><\/span><\/p>\n<h1 class=\"null\" title=\"Relax\" style=\"text-align: center;\" tabindex=\"-1\"><a href=\"https:\/\/www.amazon.com\/music\/player\/albums\/B07Q4XXHYZ\"><span style=\"color: #ffcc00;\">Relax<\/span><\/a><\/h1>\n<p><span style=\"color: #ffcc00;\"><\/span><\/p>\n<p><span style=\"color: #ffcc00;\"><\/span><\/p>\n<p><span style=\"color: #ffcc00;\"><\/span><\/p>\n<h1 class=\"null\" title=\"Intensive\" style=\"text-align: center;\" tabindex=\"-1\"><a href=\"https:\/\/www.amazon.com\/music\/player\/albums\/B08ZHQHZ3T\"><span style=\"color: #ffcc00;\">Intensive<\/span><\/a><\/h1>\n<p><span style=\"color: #ffcc00;\"><\/span><\/p>\n<p><span style=\"color: #ffcc00;\"><\/span><\/p>\n<p><span style=\"color: #ffcc00;\"><\/span><\/p>\n<h1 class=\"null\" title=\"Acid Time\" style=\"text-align: center;\" tabindex=\"-1\"><a href=\"https:\/\/www.amazon.com\/music\/player\/albums\/B09XNBZWLG\"><span style=\"color: #ffcc00;\">Acid Time<\/span><\/a><\/h1>\n<p><span style=\"color: #ffcc00;\"><\/span><\/p>\n<p>[\/et_pb_text][\/et_pb_column][\/et_pb_row][\/et_pb_section]<\/p>\n","protected":false},"excerpt":{"rendered":"<p>Professional Journey &amp; Expertise Key Milestones: 30+ Years of Experience: Active since 1992, performing at leading cultural venues and large-scale events (1500+ capacity). Radio Presence: Veteran host and technician (Radio 100, Radio 5, DJ WORLD), specializing in Melodic Techno and Progressive House. Club Management: Former General Manager of WooDoo Dance Club, blending business acumen with [&hellip;]<\/p>\n","protected":false},"author":1,"featured_media":0,"parent":0,"menu_order":0,"comment_status":"closed","ping_status":"closed","template":"","meta":{"_et_pb_use_builder":"on","_et_pb_old_content":"","_et_gb_content_width":"","footnotes":""},"class_list":["post-426","page","type-page","status-publish","hentry"],"_links":{"self":[{"href":"https:\/\/www.joshmar.org\/index.php?rest_route=\/wp\/v2\/pages\/426","targetHints":{"allow":["GET"]}}],"collection":[{"href":"https:\/\/www.joshmar.org\/index.php?rest_route=\/wp\/v2\/pages"}],"about":[{"href":"https:\/\/www.joshmar.org\/index.php?rest_route=\/wp\/v2\/types\/page"}],"author":[{"embeddable":true,"href":"https:\/\/www.joshmar.org\/index.php?rest_route=\/wp\/v2\/users\/1"}],"replies":[{"embeddable":true,"href":"https:\/\/www.joshmar.org\/index.php?rest_route=%2Fwp%2Fv2%2Fcomments&post=426"}],"version-history":[{"count":2,"href":"https:\/\/www.joshmar.org\/index.php?rest_route=\/wp\/v2\/pages\/426\/revisions"}],"predecessor-version":[{"id":429,"href":"https:\/\/www.joshmar.org\/index.php?rest_route=\/wp\/v2\/pages\/426\/revisions\/429"}],"wp:attachment":[{"href":"https:\/\/www.joshmar.org\/index.php?rest_route=%2Fwp%2Fv2%2Fmedia&parent=426"}],"curies":[{"name":"wp","href":"https:\/\/api.w.org\/{rel}","templated":true}]}}